{"id":551,"date":"2019-12-28T00:55:11","date_gmt":"2019-12-27T17:55:11","guid":{"rendered":"https:\/\/logisticsvietnam.vn\/?page_id=551"},"modified":"2019-12-28T18:30:41","modified_gmt":"2019-12-28T11:30:41","slug":"about","status":"publish","type":"page","link":"https:\/\/logisticsvietnam.vn\/en\/about","title":{"rendered":"About"},"content":{"rendered":"<p>D\u1ecaCH V\u1ee4 LOGISTICS<\/p>\n<p>Lu\u1eadt Th\u01b0\u01a1ng m\u1ea1i, theo \u0111i\u1ec1u 233: \u201cD\u1ecbch v\u1ee5 logistics l\u00e0 ho\u1ea1t \u0111\u1ed9ng th\u01b0\u01a1ng m\u1ea1i, theo \u0111\u00f3 th\u01b0\u01a1ng nh\u00e2n, t\u1ed5 ch\u1ee9c th\u1ef1c hi\u1ec7n m\u1ed9t ho\u1eb7c nhi\u1ec1u c\u00f4ng vi\u1ec7c bao g\u1ed3m nh\u1eadn h\u00e0ng, v\u1eadn chuy\u1ec3n, l\u01b0u kho, l\u01b0u b\u00e3i, l\u00e0m th\u1ee7 t\u1ee5c h\u1ea3i quan, c\u00e1c th\u1ee7 t\u1ee5c gi\u1ea5y t\u1edd kh\u00e1c, t\u01b0 v\u1ea5n kh\u00e1ch h\u00e0ng, \u0111\u00f3ng g\u00f3i bao b\u00ec, ghi k\u00fd m\u00e3 hi\u1ec7u, giao h\u00e0ng ho\u1eb7c c\u00e1c d\u1ecbch v\u1ee5 kh\u00e1c c\u00f3 li\u00ean quan \u0111\u1ebfn h\u00e0ng h\u00f3a theo th\u1ecfa thu\u1eadn v\u1edbi kh\u00e1ch h\u00e0ng \u0111\u1ec3 h\u01b0\u1edfng th\u00f9 lao .\u201d<\/p>\n<p>\nC\u00e1c c\u00f4ng vi\u1ec7c tr\u00ean \u0111\u00e3 \u0111\u01b0\u1ee3c Pamavina th\u1ef1c hi\u1ec7n ngay t\u1eeb khi c\u00f4ng ty ch\u00ednh th\u1ee9c h\u1ecdat \u0111\u1ed9ng v\u1edbi t\u01b0 c\u00e1ch l\u00e0 c\u00e1c d\u1ecbch v\u1ee5 h\u1ed7 tr\u1ee3 cho h\u1ecdat \u0111\u1ed9ng v\u1eadn chuy\u1ec3n qu\u1ed1c t\u1ebf. T\u1eeb n\u0103m 2012 m\u1ea3ng d\u1ecbch v\u1ee5 n\u00e0y \u0111\u01b0\u1ee3c t\u00e1ch ri\u00eang th\u00e0nh c\u00e1c ph\u00f2ng kinh doanh ri\u00eang \u1edf c\u1ea3 TP. H\u1ed3 Ch\u00ed Minh v\u00e0 H\u00e0 N\u1ed9i \u2013 H\u1ea3i Ph\u00f2ng v\u1edbi h\u1ec7 th\u1ed1ng kho b\u00e3i tr\u00ean 10.000 m2, \u0111\u1ed9i xe container l\u00e0m c\u01a1 s\u1edf. Pamavina \u0111ang ti\u1ebfp t\u1ee5c \u0111\u1ea7u t\u01b0 c\u01a1 s\u1edf v\u1eadt ch\u1ea5t (kho b\u00e3i v\u00e0 ph\u01b0\u01a1ng ti\u1ec7n), ph\u00e1t tri\u1ec3n ngu\u1ed3n nh\u00e2n l\u1ef1c ph\u00e1t tri\u1ec3n m\u1ea1nh h\u01a1n n\u1eefa d\u1ecbch v\u1ee5 n\u00e0y nh\u1eb1m th\u1ef1c hi\u1ec7n ng\u00e0y c\u00e0ng ho\u00e0n ch\u1ec9nh chu\u1ed7i d\u1ecbch v\u1ee5 t\u1eadp trung theo ti\u00eau chu\u1ea9n qu\u1ed1c t\u1ebf nh\u1eb1m \u0111\u00e1p \u1ee9ng t\u1ed1t nh\u1ea5t y\u00eau c\u1ea7u c\u1ee7a kh\u00e1ch h\u00e0ng.<\/p>\n<p>\nC\u00e1c d\u1ecbch v\u1ee5 ch\u1ee7 y\u1ebfu Pamavina \u0111\u00e3 v\u00e0 \u0111ang th\u1ef1c hi\u1ec7n :<br \/>\nD\u1ecbch v\u1ee5 logistics cho h\u00e0ng xu\u1ea5t \u2013 nh\u1eadp kh\u1ea9u<\/p>\n<ul>\n<li>Khai thu\u1ebf, th\u1ee7 t\u1ee5c H\u1ea3i quan<\/li>\n<li>Th\u1ee7 t\u1ee5c xu\u1ea5t nh\u1eadp kh\u1ea9u<\/li>\n<li>Giao nh\u1eadn h\u00e0ng h\u00f3a t\u1eadn nh\u00e0 (Door to Door Services)<\/li>\n<li>T\u01b0 v\u1ea5n xu\u1ea5t nh\u1eadp kh\u1ea9u<\/li>\n<li>Th\u1ee7 t\u1ee5c ch\u1ee9ng nh\u1eadn xu\u1ea5t x\u1ee9 cho h\u00e0ng h\u00f3a (C\/O )<\/li>\n<li>B\u1ea3o hi\u1ec3m, hun tr\u00f9ng , ki\u1ec3m tra ch\u1ea5t l\u01b0\u1ee3ng h\u00e0ng h\u00f3a xnk \u2026<\/li>\n<li>Xu\u1ea5t \/ nh\u1eadp kh\u1ea9u \u1ee7y th\u00e1c<\/li>\n<li>H\u00e0ng n\u1ed9i \u0111\u1ecba<\/li>\n<li>V\u1eadn chuy\u1ec3n container v\u00e0 h\u00e0ng r\u1eddi<\/li>\n<\/ul>\n<p>C\u00e1c nh\u00f3m h\u00e0ng ch\u00ednh \u0111\u00e3 th\u1ef1c hi\u1ec7n: D\u00e2y chuy\u1ec1n, thi\u1ebft b\u1ecb m\u00e1y m\u00f3c c\u0169, m\u1edbi; Xe m\u00e1y chuy\u00ean d\u00f9ng nh\u1eadp kh\u1ea9u; Ca n\u00f4, t\u00e0u thuy\u1ec1n mini; Nguy\u00ean ph\u1ee5 li\u1ec7u (NPL) cho qu\u00e1 tr\u00ecnh s\u1ea3n xu\u1ea5t (SX)\u2026cho c\u00e1c kh\u00e1ch h\u00e0ng l\u00e0 c\u00e1c c\u00f4ng ty, c\u00e1c ng\u00e2n h\u00e0ng v\u00e0 c\u00e1c nh\u00e0 nh\u1eadp kh\u1ea9u, \u0111\u1ea1i l\u00fd cho c\u00e1c h\u00e3ng n\u01b0\u1edbc ngo\u00e0i.<\/p>\n<p>D\u1ecbch v\u1ee5 cung c\u1ea5p cho h\u00e3ng t\u00e0u \u2013 d\u1ecbch v\u1ee5 t\u1ea1i c\u1ea3ng<\/p>\n<ul>\n<li>\u0110\u1ea1i l\u00fd th\u1ee7 t\u1ee5c cho c\u00e1c h\u00e3ng t\u00e0u<\/li>\n<li>Gom h\u00e0ng l\u1ebb xu\u1ea5t kh\u1ea9u v\u00e0 chia h\u00e0ng l\u1ebb nh\u1eadp kh\u1ea9u qua kho CFS<\/li>\n<\/ul>\n<p>Th\u1ef1c hi\u1ec7n \u0111\u01b0a h\u00e0ng chung ch\u1ee7 trong c\u00f9ng 01 container v\u00e0o kho c\u1ea3ng<\/p>\n<p>&nbsp;<\/p>\n<p>&nbsp;<\/p>\n","protected":false},"excerpt":{"rendered":"<p>D\u1ecaCH V\u1ee4 LOGISTICS Lu\u1eadt Th\u01b0\u01a1ng m\u1ea1i, theo \u0111i\u1ec1u 233: \u201cD\u1ecbch v\u1ee5 logistics l\u00e0 ho\u1ea1t \u0111\u1ed9ng th\u01b0\u01a1ng m\u1ea1i, theo \u0111\u00f3 th\u01b0\u01a1ng nh\u00e2n, t\u1ed5 ch\u1ee9c th\u1ef1c hi\u1ec7n m\u1ed9t ho\u1eb7c nhi\u1ec1u c\u00f4ng vi\u1ec7c bao g\u1ed3m nh\u1eadn h\u00e0ng, v\u1eadn chuy\u1ec3n, l\u01b0u kho, l\u01b0u b\u00e3i, l\u00e0m th\u1ee7 t\u1ee5c h\u1ea3i quan, c\u00e1c th\u1ee7 t\u1ee5c gi\u1ea5y t\u1edd kh\u00e1c, t\u01b0 v\u1ea5n kh\u00e1ch h\u00e0ng, &#8230;<\/p>\n","protected":false},"author":1,"featured_media":0,"parent":0,"menu_order":0,"comment_status":"closed","ping_status":"closed","template":"","meta":{"footnotes":""},"class_list":["post-551","page","type-page","status-publish","hentry"],"_links":{"self":[{"href":"https:\/\/logisticsvietnam.vn\/en\/wp-json\/wp\/v2\/pages\/551","targetHints":{"allow":["GET"]}}],"collection":[{"href":"https:\/\/logisticsvietnam.vn\/en\/wp-json\/wp\/v2\/pages"}],"about":[{"href":"https:\/\/logisticsvietnam.vn\/en\/wp-json\/wp\/v2\/types\/page"}],"author":[{"embeddable":true,"href":"https:\/\/logisticsvietnam.vn\/en\/wp-json\/wp\/v2\/users\/1"}],"replies":[{"embeddable":true,"href":"https:\/\/logisticsvietnam.vn\/en\/wp-json\/wp\/v2\/comments?post=551"}],"version-history":[{"count":2,"href":"https:\/\/logisticsvietnam.vn\/en\/wp-json\/wp\/v2\/pages\/551\/revisions"}],"predecessor-version":[{"id":812,"href":"https:\/\/logisticsvietnam.vn\/en\/wp-json\/wp\/v2\/pages\/551\/revisions\/812"}],"wp:attachment":[{"href":"https:\/\/logisticsvietnam.vn\/en\/wp-json\/wp\/v2\/media?parent=551"}],"curies":[{"name":"wp","href":"https:\/\/api.w.org\/{rel}","templated":true}]}}